{"id":13,"date":"2024-07-22T18:08:10","date_gmt":"2024-07-22T18:08:10","guid":{"rendered":"https:\/\/ppu.ttm.mybluehost.me\/?page_id=13"},"modified":"2024-07-28T07:52:51","modified_gmt":"2024-07-28T07:52:51","slug":"about","status":"publish","type":"page","link":"https:\/\/talgamanufacturing.com\/fr\/about\/","title":{"rendered":"\u00c0 Propos"},"content":{"rendered":"<div data-elementor-type=\"wp-page\" data-elementor-id=\"13\" class=\"elementor elementor-13\" data-elementor-post-type=\"page\">\n\t\t\t\t<div class=\"elementor-element elementor-element-53db3d40 e-flex e-con-boxed e-con e-parent\" data-id=\"53db3d40\" data-element_type=\"container\" data-e-type=\"container\">\n\t\t\t\t\t<div class=\"e-con-inner\">\n\t\t<div class=\"elementor-element elementor-element-2c0df0d1 e-flex e-con-boxed e-con e-child\" data-id=\"2c0df0d1\" data-element_type=\"container\" data-e-type=\"container\">\n\t\t\t\t\t<div class=\"e-con-inner\">\n\t\t\t\t<div class=\"elementor-element elementor-element-26852127 elementor-widget elementor-widget-heading\" data-id=\"26852127\" data-element_type=\"widget\" data-e-type=\"widget\" data-widget_type=\"heading.default\">\n\t\t\t\t<div class=\"elementor-widget-container\">\n\t\t\t\t\t<h2 class=\"elementor-heading-title elementor-size-default\">\u00c0 propos de nous<\/h2>\t\t\t\t<\/div>\n\t\t\t\t<\/div>\n\t\t\t\t<div class=\"elementor-element elementor-element-15d5b326 elementor-widget elementor-widget-text-editor\" data-id=\"15d5b326\" data-element_type=\"widget\" data-e-type=\"widget\" data-widget_type=\"text-editor.default\">\n\t\t\t\t<div class=\"elementor-widget-container\">\n\t\t\t\t\t\t\t\t\t<p><a href=\"#\">Accueil<\/a> - \u00c0 propos de nous<\/p>\t\t\t\t\t\t\t\t<\/div>\n\t\t\t\t<\/div>\n\t\t\t\t\t<\/div>\n\t\t\t\t<\/div>\n\t\t\t\t\t<\/div>\n\t\t\t\t<\/div>\n\t\t<div class=\"elementor-element elementor-element-053a273 e-flex e-con-boxed e-con e-parent\" data-id=\"053a273\" data-element_type=\"container\" data-e-type=\"container\">\n\t\t\t\t\t<div class=\"e-con-inner\">\n\t\t<div class=\"elementor-element elementor-element-1060f13 e-con-full e-flex e-con e-child\" data-id=\"1060f13\" data-element_type=\"container\" data-e-type=\"container\">\n\t\t<div class=\"elementor-element elementor-element-3c79d85 e-flex e-con-boxed e-con e-child\" data-id=\"3c79d85\" data-element_type=\"container\" data-e-type=\"container\">\n\t\t\t\t\t<div class=\"e-con-inner\">\n\t\t\t\t<div class=\"elementor-element elementor-element-ada7950 elementor-widget elementor-widget-heading\" data-id=\"ada7950\" data-element_type=\"widget\" data-e-type=\"widget\" data-widget_type=\"heading.default\">\n\t\t\t\t<div class=\"elementor-widget-container\">\n\t\t\t\t\t<h2 class=\"elementor-heading-title elementor-size-default\">Sp\u00e9cialisation dans la fabrication de pointe<\/h2>\t\t\t\t<\/div>\n\t\t\t\t<\/div>\n\t\t\t\t<div class=\"elementor-element elementor-element-e9db7cf elementor-widget elementor-widget-text-editor\" data-id=\"e9db7cf\" data-element_type=\"widget\" data-e-type=\"widget\" data-widget_type=\"text-editor.default\">\n\t\t\t\t<div class=\"elementor-widget-container\">\n\t\t\t\t\t\t\t\t\t<p>Chez Talga, nous sommes sp\u00e9cialis\u00e9s dans la fabrication de produits de haute qualit\u00e9 \u00e0 l'aide d'une technologie avanc\u00e9e de moulage par soufflage. Notre soci\u00e9t\u00e9 a \u00e9t\u00e9 fond\u00e9e en juillet 2023 dans le but de fournir des solutions d'emballage fiables et durables \u00e0 l'industrie alimentaire et \u00e0 d'autres secteurs.<\/p>\t\t\t\t\t\t\t\t<\/div>\n\t\t\t\t<\/div>\n\t\t\t\t\t<\/div>\n\t\t\t\t<\/div>\n\t\t\t\t<div class=\"elementor-element elementor-element-1f0b8ab elementor-widget elementor-widget-image\" data-id=\"1f0b8ab\" data-element_type=\"widget\" data-e-type=\"widget\" data-widget_type=\"image.default\">\n\t\t\t\t<div class=\"elementor-widget-container\">\n\t\t\t\t\t\t\t\t\t\t\t\t\t\t\t<img fetchpriority=\"high\" decoding=\"async\" width=\"1280\" height=\"1920\" src=\"https:\/\/talgamanufacturing.com\/wp-content\/uploads\/2024\/07\/pink-round-3d-object-is-being-printed-while-young-2021-09-24-03-08-05-utc.jpg\" class=\"attachment-full size-full wp-image-227\" alt=\"\" srcset=\"https:\/\/talgamanufacturing.com\/wp-content\/uploads\/2024\/07\/pink-round-3d-object-is-being-printed-while-young-2021-09-24-03-08-05-utc.jpg 1280w, https:\/\/talgamanufacturing.com\/wp-content\/uploads\/2024\/07\/pink-round-3d-object-is-being-printed-while-young-2021-09-24-03-08-05-utc-200x300.jpg 200w, https:\/\/talgamanufacturing.com\/wp-content\/uploads\/2024\/07\/pink-round-3d-object-is-being-printed-while-young-2021-09-24-03-08-05-utc-683x1024.jpg 683w, https:\/\/talgamanufacturing.com\/wp-content\/uploads\/2024\/07\/pink-round-3d-object-is-being-printed-while-young-2021-09-24-03-08-05-utc-768x1152.jpg 768w, https:\/\/talgamanufacturing.com\/wp-content\/uploads\/2024\/07\/pink-round-3d-object-is-being-printed-while-young-2021-09-24-03-08-05-utc-1024x1536.jpg 1024w\" sizes=\"(max-width: 1280px) 100vw, 1280px\" \/>\t\t\t\t\t\t\t\t\t\t\t\t\t\t\t<\/div>\n\t\t\t\t<\/div>\n\t\t\t\t<\/div>\n\t\t<div class=\"elementor-element elementor-element-f766ce0 e-con-full e-flex e-con e-child\" data-id=\"f766ce0\" data-element_type=\"container\" data-e-type=\"container\">\n\t\t\t\t<div class=\"elementor-element elementor-element-ba8444a elementor-widget elementor-widget-image\" data-id=\"ba8444a\" data-element_type=\"widget\" data-e-type=\"widget\" data-widget_type=\"image.default\">\n\t\t\t\t<div class=\"elementor-widget-container\">\n\t\t\t\t\t\t\t\t\t\t\t\t\t\t\t<img decoding=\"async\" width=\"1920\" height=\"1280\" src=\"https:\/\/talgamanufacturing.com\/wp-content\/uploads\/2024\/07\/happy-young-businessman-showing-red-geometric-obje-2021-09-24-03-08-07-utc.jpg\" class=\"attachment-full size-full wp-image-228\" alt=\"\" srcset=\"https:\/\/talgamanufacturing.com\/wp-content\/uploads\/2024\/07\/happy-young-businessman-showing-red-geometric-obje-2021-09-24-03-08-07-utc.jpg 1920w, https:\/\/talgamanufacturing.com\/wp-content\/uploads\/2024\/07\/happy-young-businessman-showing-red-geometric-obje-2021-09-24-03-08-07-utc-300x200.jpg 300w, https:\/\/talgamanufacturing.com\/wp-content\/uploads\/2024\/07\/happy-young-businessman-showing-red-geometric-obje-2021-09-24-03-08-07-utc-1024x683.jpg 1024w, https:\/\/talgamanufacturing.com\/wp-content\/uploads\/2024\/07\/happy-young-businessman-showing-red-geometric-obje-2021-09-24-03-08-07-utc-768x512.jpg 768w, https:\/\/talgamanufacturing.com\/wp-content\/uploads\/2024\/07\/happy-young-businessman-showing-red-geometric-obje-2021-09-24-03-08-07-utc-1536x1024.jpg 1536w\" sizes=\"(max-width: 1920px) 100vw, 1920px\" \/>\t\t\t\t\t\t\t\t\t\t\t\t\t\t\t<\/div>\n\t\t\t\t<\/div>\n\t\t\t\t<div class=\"elementor-element elementor-element-21ebfe6 elementor-widget elementor-widget-image\" data-id=\"21ebfe6\" data-element_type=\"widget\" data-e-type=\"widget\" data-widget_type=\"image.default\">\n\t\t\t\t<div class=\"elementor-widget-container\">\n\t\t\t\t\t\t\t\t\t\t\t\t\t\t\t<img decoding=\"async\" width=\"1920\" height=\"1280\" src=\"https:\/\/talgamanufacturing.com\/wp-content\/uploads\/2024\/07\/young-man-putting-new-spool-with-red-filament-in-3-2021-09-24-03-08-07-utc.jpg\" class=\"attachment-full size-full wp-image-229\" alt=\"\" srcset=\"https:\/\/talgamanufacturing.com\/wp-content\/uploads\/2024\/07\/young-man-putting-new-spool-with-red-filament-in-3-2021-09-24-03-08-07-utc.jpg 1920w, https:\/\/talgamanufacturing.com\/wp-content\/uploads\/2024\/07\/young-man-putting-new-spool-with-red-filament-in-3-2021-09-24-03-08-07-utc-300x200.jpg 300w, https:\/\/talgamanufacturing.com\/wp-content\/uploads\/2024\/07\/young-man-putting-new-spool-with-red-filament-in-3-2021-09-24-03-08-07-utc-1024x683.jpg 1024w, https:\/\/talgamanufacturing.com\/wp-content\/uploads\/2024\/07\/young-man-putting-new-spool-with-red-filament-in-3-2021-09-24-03-08-07-utc-768x512.jpg 768w, https:\/\/talgamanufacturing.com\/wp-content\/uploads\/2024\/07\/young-man-putting-new-spool-with-red-filament-in-3-2021-09-24-03-08-07-utc-1536x1024.jpg 1536w\" sizes=\"(max-width: 1920px) 100vw, 1920px\" \/>\t\t\t\t\t\t\t\t\t\t\t\t\t\t\t<\/div>\n\t\t\t\t<\/div>\n\t\t\t\t<\/div>\n\t\t\t\t\t<\/div>\n\t\t\t\t<\/div>\n\t\t<div class=\"elementor-element elementor-element-f2f2649 e-flex e-con-boxed e-con e-parent\" data-id=\"f2f2649\" data-element_type=\"container\" data-e-type=\"container\" data-settings=\"{&quot;background_background&quot;:&quot;classic&quot;}\">\n\t\t\t\t\t<div class=\"e-con-inner\">\n\t\t<div class=\"elementor-element elementor-element-7cdf762 e-flex e-con-boxed e-con e-child\" data-id=\"7cdf762\" data-element_type=\"container\" data-e-type=\"container\">\n\t\t\t\t\t<div class=\"e-con-inner\">\n\t\t<div class=\"elementor-element elementor-element-a1bf765 e-con-full e-flex e-con e-child\" data-id=\"a1bf765\" data-element_type=\"container\" data-e-type=\"container\">\n\t\t\t\t<div class=\"elementor-element elementor-element-9583ee9 elementor-position-left elementor-vertical-align-top elementor-widget elementor-widget-image-box\" data-id=\"9583ee9\" data-element_type=\"widget\" data-e-type=\"widget\" data-widget_type=\"image-box.default\">\n\t\t\t\t<div class=\"elementor-widget-container\">\n\t\t\t\t\t<div class=\"elementor-image-box-wrapper\"><figure class=\"elementor-image-box-img\"><img loading=\"lazy\" decoding=\"async\" width=\"300\" height=\"300\" src=\"https:\/\/talgamanufacturing.com\/wp-content\/uploads\/2024\/07\/10-2.png\" class=\"attachment-full size-full wp-image-94\" alt=\"\" srcset=\"https:\/\/talgamanufacturing.com\/wp-content\/uploads\/2024\/07\/10-2.png 300w, https:\/\/talgamanufacturing.com\/wp-content\/uploads\/2024\/07\/10-2-150x150.png 150w\" sizes=\"(max-width: 300px) 100vw, 300px\" \/><\/figure><div class=\"elementor-image-box-content\"><h2 class=\"elementor-image-box-title\">30%<\/h2><p class=\"elementor-image-box-description\">Croissance du march\u00e9 international<\/p><\/div><\/div>\t\t\t\t<\/div>\n\t\t\t\t<\/div>\n\t\t\t\t<div class=\"elementor-element elementor-element-d34661c elementor-position-left elementor-vertical-align-top elementor-widget elementor-widget-image-box\" data-id=\"d34661c\" data-element_type=\"widget\" data-e-type=\"widget\" data-widget_type=\"image-box.default\">\n\t\t\t\t<div class=\"elementor-widget-container\">\n\t\t\t\t\t<div class=\"elementor-image-box-wrapper\"><figure class=\"elementor-image-box-img\"><img loading=\"lazy\" decoding=\"async\" width=\"300\" height=\"300\" src=\"https:\/\/talgamanufacturing.com\/wp-content\/uploads\/2024\/07\/11.png\" class=\"attachment-full size-full wp-image-95\" alt=\"\" srcset=\"https:\/\/talgamanufacturing.com\/wp-content\/uploads\/2024\/07\/11.png 300w, https:\/\/talgamanufacturing.com\/wp-content\/uploads\/2024\/07\/11-150x150.png 150w\" sizes=\"(max-width: 300px) 100vw, 300px\" \/><\/figure><div class=\"elementor-image-box-content\"><h2 class=\"elementor-image-box-title\">99%<\/h2><p class=\"elementor-image-box-description\">Taux de satisfaction des clients<\/p><\/div><\/div>\t\t\t\t<\/div>\n\t\t\t\t<\/div>\n\t\t\t\t<\/div>\n\t\t<div class=\"elementor-element elementor-element-df37c13 e-con-full e-flex e-con e-child\" data-id=\"df37c13\" data-element_type=\"container\" data-e-type=\"container\">\n\t\t\t\t<div class=\"elementor-element elementor-element-2749ec5 elementor-position-left elementor-vertical-align-top elementor-widget elementor-widget-image-box\" data-id=\"2749ec5\" data-element_type=\"widget\" data-e-type=\"widget\" data-widget_type=\"image-box.default\">\n\t\t\t\t<div class=\"elementor-widget-container\">\n\t\t\t\t\t<div class=\"elementor-image-box-wrapper\"><figure class=\"elementor-image-box-img\"><img loading=\"lazy\" decoding=\"async\" width=\"300\" height=\"300\" src=\"https:\/\/talgamanufacturing.com\/wp-content\/uploads\/2024\/07\/12.png\" class=\"attachment-full size-full wp-image-96\" alt=\"\" srcset=\"https:\/\/talgamanufacturing.com\/wp-content\/uploads\/2024\/07\/12.png 300w, https:\/\/talgamanufacturing.com\/wp-content\/uploads\/2024\/07\/12-150x150.png 150w\" sizes=\"(max-width: 300px) 100vw, 300px\" \/><\/figure><div class=\"elementor-image-box-content\"><h2 class=\"elementor-image-box-title\">15% <\/h2><p class=\"elementor-image-box-description\">Ratio de formation sp\u00e9cialis\u00e9e des employ\u00e9s<\/p><\/div><\/div>\t\t\t\t<\/div>\n\t\t\t\t<\/div>\n\t\t\t\t<div class=\"elementor-element elementor-element-362adf9 elementor-position-left elementor-vertical-align-top elementor-widget elementor-widget-image-box\" data-id=\"362adf9\" data-element_type=\"widget\" data-e-type=\"widget\" data-widget_type=\"image-box.default\">\n\t\t\t\t<div class=\"elementor-widget-container\">\n\t\t\t\t\t<div class=\"elementor-image-box-wrapper\"><figure class=\"elementor-image-box-img\"><img loading=\"lazy\" decoding=\"async\" width=\"300\" height=\"300\" src=\"https:\/\/talgamanufacturing.com\/wp-content\/uploads\/2024\/07\/13.png\" class=\"attachment-full size-full wp-image-97\" alt=\"\" srcset=\"https:\/\/talgamanufacturing.com\/wp-content\/uploads\/2024\/07\/13.png 300w, https:\/\/talgamanufacturing.com\/wp-content\/uploads\/2024\/07\/13-150x150.png 150w\" sizes=\"(max-width: 300px) 100vw, 300px\" \/><\/figure><div class=\"elementor-image-box-content\"><h2 class=\"elementor-image-box-title\">42%<\/h2><p class=\"elementor-image-box-description\">Revenu net Croissance financi\u00e8re <\/p><\/div><\/div>\t\t\t\t<\/div>\n\t\t\t\t<\/div>\n\t\t\t\t<\/div>\n\t\t\t\t\t<\/div>\n\t\t\t\t<\/div>\n\t\t\t\t\t<\/div>\n\t\t\t\t<\/div>\n\t\t<div class=\"elementor-element elementor-element-2a6f2f4 e-flex e-con-boxed e-con e-parent\" data-id=\"2a6f2f4\" data-element_type=\"container\" data-e-type=\"container\">\n\t\t\t\t\t<div class=\"e-con-inner\">\n\t\t<div class=\"elementor-element elementor-element-769387c e-con-full e-flex e-con e-child\" data-id=\"769387c\" data-element_type=\"container\" data-e-type=\"container\">\n\t\t<div class=\"elementor-element elementor-element-2dd618e e-con-full e-flex e-con e-child\" data-id=\"2dd618e\" data-element_type=\"container\" data-e-type=\"container\">\n\t\t\t\t<div class=\"elementor-element elementor-element-a34917f elementor-invisible elementor-widget elementor-widget-image\" data-id=\"a34917f\" data-element_type=\"widget\" data-e-type=\"widget\" data-settings=\"{&quot;_animation&quot;:&quot;fadeInUp&quot;,&quot;_animation_delay&quot;:100}\" data-widget_type=\"image.default\">\n\t\t\t\t<div class=\"elementor-widget-container\">\n\t\t\t\t\t\t\t\t\t\t\t\t\t\t\t<img loading=\"lazy\" decoding=\"async\" width=\"1280\" height=\"1920\" src=\"https:\/\/talgamanufacturing.com\/wp-content\/uploads\/2024\/07\/young-businessman-sitting-in-front-of-laptop-and-w-2021-09-24-03-08-05-utc.jpg\" class=\"attachment-full size-full wp-image-230\" alt=\"\" srcset=\"https:\/\/talgamanufacturing.com\/wp-content\/uploads\/2024\/07\/young-businessman-sitting-in-front-of-laptop-and-w-2021-09-24-03-08-05-utc.jpg 1280w, https:\/\/talgamanufacturing.com\/wp-content\/uploads\/2024\/07\/young-businessman-sitting-in-front-of-laptop-and-w-2021-09-24-03-08-05-utc-200x300.jpg 200w, https:\/\/talgamanufacturing.com\/wp-content\/uploads\/2024\/07\/young-businessman-sitting-in-front-of-laptop-and-w-2021-09-24-03-08-05-utc-683x1024.jpg 683w, https:\/\/talgamanufacturing.com\/wp-content\/uploads\/2024\/07\/young-businessman-sitting-in-front-of-laptop-and-w-2021-09-24-03-08-05-utc-768x1152.jpg 768w, https:\/\/talgamanufacturing.com\/wp-content\/uploads\/2024\/07\/young-businessman-sitting-in-front-of-laptop-and-w-2021-09-24-03-08-05-utc-1024x1536.jpg 1024w\" sizes=\"(max-width: 1280px) 100vw, 1280px\" \/>\t\t\t\t\t\t\t\t\t\t\t\t\t\t\t<\/div>\n\t\t\t\t<\/div>\n\t\t\t\t<\/div>\n\t\t<div class=\"elementor-element elementor-element-d2ec4cb e-con-full e-flex e-con e-child\" data-id=\"d2ec4cb\" data-element_type=\"container\" data-e-type=\"container\">\n\t\t\t\t<div class=\"elementor-element elementor-element-6bc1a03 elementor-invisible elementor-widget elementor-widget-image\" data-id=\"6bc1a03\" data-element_type=\"widget\" data-e-type=\"widget\" data-settings=\"{&quot;_animation&quot;:&quot;fadeInDown&quot;,&quot;_animation_delay&quot;:200}\" data-widget_type=\"image.default\">\n\t\t\t\t<div class=\"elementor-widget-container\">\n\t\t\t\t\t\t\t\t\t\t\t\t\t\t\t<img loading=\"lazy\" decoding=\"async\" width=\"1280\" height=\"1920\" src=\"https:\/\/talgamanufacturing.com\/wp-content\/uploads\/2024\/07\/modern-architectural-creation-2021-09-24-01-22-00-utc.jpg\" class=\"attachment-full size-full wp-image-231\" alt=\"\" srcset=\"https:\/\/talgamanufacturing.com\/wp-content\/uploads\/2024\/07\/modern-architectural-creation-2021-09-24-01-22-00-utc.jpg 1280w, https:\/\/talgamanufacturing.com\/wp-content\/uploads\/2024\/07\/modern-architectural-creation-2021-09-24-01-22-00-utc-200x300.jpg 200w, https:\/\/talgamanufacturing.com\/wp-content\/uploads\/2024\/07\/modern-architectural-creation-2021-09-24-01-22-00-utc-683x1024.jpg 683w, https:\/\/talgamanufacturing.com\/wp-content\/uploads\/2024\/07\/modern-architectural-creation-2021-09-24-01-22-00-utc-768x1152.jpg 768w, https:\/\/talgamanufacturing.com\/wp-content\/uploads\/2024\/07\/modern-architectural-creation-2021-09-24-01-22-00-utc-1024x1536.jpg 1024w\" sizes=\"(max-width: 1280px) 100vw, 1280px\" \/>\t\t\t\t\t\t\t\t\t\t\t\t\t\t\t<\/div>\n\t\t\t\t<\/div>\n\t\t\t\t<\/div>\n\t\t\t\t<\/div>\n\t\t<div class=\"elementor-element elementor-element-116e035 e-con-full e-flex e-con e-child\" data-id=\"116e035\" data-element_type=\"container\" data-e-type=\"container\">\n\t\t\t\t<div class=\"elementor-element elementor-element-ca5be36 elementor-icon-list--layout-traditional elementor-list-item-link-full_width elementor-widget elementor-widget-icon-list\" data-id=\"ca5be36\" data-element_type=\"widget\" data-e-type=\"widget\" data-widget_type=\"icon-list.default\">\n\t\t\t\t<div class=\"elementor-widget-container\">\n\t\t\t\t\t\t\t<ul class=\"elementor-icon-list-items\">\n\t\t\t\t\t\t\t<li class=\"elementor-icon-list-item\">\n\t\t\t\t\t\t\t\t\t\t<span class=\"elementor-icon-list-text\">Our Vision &amp; Mission<\/span>\n\t\t\t\t\t\t\t\t\t<\/li>\n\t\t\t\t\t\t<\/ul>\n\t\t\t\t\t\t<\/div>\n\t\t\t\t<\/div>\n\t\t\t\t<div class=\"elementor-element elementor-element-0518d9b elementor-widget-tablet__width-initial elementor-widget elementor-widget-heading\" data-id=\"0518d9b\" data-element_type=\"widget\" data-e-type=\"widget\" data-widget_type=\"heading.default\">\n\t\t\t\t<div class=\"elementor-widget-container\">\n\t\t\t\t\t<h2 class=\"elementor-heading-title elementor-size-default\">Engagement pour l'excellence de la qualit\u00e9<\/h2>\t\t\t\t<\/div>\n\t\t\t\t<\/div>\n\t\t\t\t<div class=\"elementor-element elementor-element-741b8b1 elementor-widget elementor-widget-jkit_heading\" data-id=\"741b8b1\" data-element_type=\"widget\" data-e-type=\"widget\" data-widget_type=\"jkit_heading.default\">\n\t\t\t\t<div class=\"elementor-widget-container\">\n\t\t\t\t\t<div  class=\"jeg-elementor-kit jkit-heading  align-left align-tablet- align-mobile- jeg_module___69fb09d1aeb57\" ><div class=\"heading-section-title  display-inline-block\"><h3 class=\"heading-title\">Des installations ultramodernes<\/h3><\/div><div class=\"heading-section-description\"><p>Nos installations ultramodernes sont \u00e9quip\u00e9es des derni\u00e8res machines de moulage par soufflage, ce qui nous permet de produire des conteneurs qui r\u00e9pondent aux normes les plus strictes en mati\u00e8re de durabilit\u00e9, de s\u00e9curit\u00e9 et de respect de l'environnement. Chaque produit fait l'objet d'un contr\u00f4le de qualit\u00e9 rigoureux afin de s'assurer qu'il r\u00e9pond \u00e0 nos sp\u00e9cifications rigoureuses.<\/p><\/div><\/div>\t\t\t\t<\/div>\n\t\t\t\t<\/div>\n\t\t\t\t<div class=\"elementor-element elementor-element-04b13d1 elementor-widget-divider--view-line elementor-widget elementor-widget-divider\" data-id=\"04b13d1\" data-element_type=\"widget\" data-e-type=\"widget\" data-widget_type=\"divider.default\">\n\t\t\t\t<div class=\"elementor-widget-container\">\n\t\t\t\t\t\t\t<div class=\"elementor-divider\">\n\t\t\t<span class=\"elementor-divider-separator\">\n\t\t\t\t\t\t<\/span>\n\t\t<\/div>\n\t\t\t\t\t\t<\/div>\n\t\t\t\t<\/div>\n\t\t\t\t<div class=\"elementor-element elementor-element-6a3d603 elementor-widget elementor-widget-jkit_heading\" data-id=\"6a3d603\" data-element_type=\"widget\" data-e-type=\"widget\" data-widget_type=\"jkit_heading.default\">\n\t\t\t\t<div class=\"elementor-widget-container\">\n\t\t\t\t\t<div  class=\"jeg-elementor-kit jkit-heading  align-left align-tablet- align-mobile- jeg_module__1_69fb09d1afd1f\" ><div class=\"heading-section-title  display-inline-block\"><h3 class=\"heading-title\">Fier de servir ses clients<\/h3><\/div><div class=\"heading-section-description\"><p>Nous sommes fiers de servir un large \u00e9ventail de clients, des entreprises locales aux soci\u00e9t\u00e9s internationales, en offrant des solutions personnalis\u00e9es pour r\u00e9pondre \u00e0 leurs besoins uniques. Notre engagement en faveur de l'innovation, de la qualit\u00e9 et de la satisfaction du client est \u00e0 la base de tout ce que nous faisons.<\/p><\/div><\/div>\t\t\t\t<\/div>\n\t\t\t\t<\/div>\n\t\t\t\t<\/div>\n\t\t\t\t\t<\/div>\n\t\t\t\t<\/div>\n\t\t<div class=\"elementor-element elementor-element-f66af18 e-flex e-con-boxed e-con e-parent\" data-id=\"f66af18\" data-element_type=\"container\" data-e-type=\"container\">\n\t\t\t\t\t<div class=\"e-con-inner\">\n\t\t<div class=\"elementor-element elementor-element-c333088 e-flex e-con-boxed e-con e-child\" data-id=\"c333088\" data-element_type=\"container\" data-e-type=\"container\" data-settings=\"{&quot;background_background&quot;:&quot;classic&quot;}\">\n\t\t\t\t\t<div class=\"e-con-inner\">\n\t\t<div class=\"elementor-element elementor-element-d86941d e-con-full e-flex e-con e-child\" data-id=\"d86941d\" data-element_type=\"container\" data-e-type=\"container\">\n\t\t\t\t<div class=\"elementor-element elementor-element-651fbcf elementor-widget elementor-widget-image\" data-id=\"651fbcf\" data-element_type=\"widget\" data-e-type=\"widget\" data-widget_type=\"image.default\">\n\t\t\t\t<div class=\"elementor-widget-container\">\n\t\t\t\t\t\t\t\t\t\t\t\t\t\t\t<img loading=\"lazy\" decoding=\"async\" width=\"600\" height=\"600\" src=\"https:\/\/talgamanufacturing.com\/wp-content\/uploads\/2024\/07\/2-7.png\" class=\"attachment-full size-full wp-image-436\" alt=\"\" srcset=\"https:\/\/talgamanufacturing.com\/wp-content\/uploads\/2024\/07\/2-7.png 600w, https:\/\/talgamanufacturing.com\/wp-content\/uploads\/2024\/07\/2-7-300x300.png 300w, https:\/\/talgamanufacturing.com\/wp-content\/uploads\/2024\/07\/2-7-150x150.png 150w\" sizes=\"(max-width: 600px) 100vw, 600px\" \/>\t\t\t\t\t\t\t\t\t\t\t\t\t\t\t<\/div>\n\t\t\t\t<\/div>\n\t\t\t\t<\/div>\n\t\t<div class=\"elementor-element elementor-element-10abef5 e-con-full e-flex e-con e-child\" data-id=\"10abef5\" data-element_type=\"container\" data-e-type=\"container\">\n\t\t\t\t<div class=\"elementor-element elementor-element-6f1ffe3 elementor-widget elementor-widget-heading\" data-id=\"6f1ffe3\" data-element_type=\"widget\" data-e-type=\"widget\" data-widget_type=\"heading.default\">\n\t\t\t\t<div class=\"elementor-widget-container\">\n\t\t\t\t\t<div class=\"elementor-heading-title elementor-size-default\">Commencez avec les solutions d'emballage expertes de Talga\n\n<\/div>\t\t\t\t<\/div>\n\t\t\t\t<\/div>\n\t\t\t\t<div class=\"elementor-element elementor-element-e543213 elementor-widget elementor-widget-text-editor\" data-id=\"e543213\" data-element_type=\"widget\" data-e-type=\"widget\" data-widget_type=\"text-editor.default\">\n\t\t\t\t<div class=\"elementor-widget-container\">\n\t\t\t\t\t\t\t\t\t<p>Contactez-nous d\u00e8s aujourd'hui pour discuter de vos besoins en mati\u00e8re d'emballage et lancer votre projet.<\/p>\t\t\t\t\t\t\t\t<\/div>\n\t\t\t\t<\/div>\n\t\t\t\t<div class=\"elementor-element elementor-element-0d1be30 elementor-tablet-align-center elementor-align-justify elementor-widget elementor-widget-button\" data-id=\"0d1be30\" data-element_type=\"widget\" data-e-type=\"widget\" data-widget_type=\"button.default\">\n\t\t\t\t<div class=\"elementor-widget-container\">\n\t\t\t\t\t\t\t\t\t<div class=\"elementor-button-wrapper\">\n\t\t\t\t\t<a class=\"elementor-button elementor-button-link elementor-size-sm elementor-animation-shrink\" href=\"https:\/\/talgamanufacturing.com\/fr\/contact\/\">\n\t\t\t\t\t\t<span class=\"elementor-button-content-wrapper\">\n\t\t\t\t\t\t<span class=\"elementor-button-icon\">\n\t\t\t\t<svg aria-hidden=\"true\" class=\"e-font-icon-svg e-fas-arrow-right\" viewbox=\"0 0 448 512\" xmlns=\"http:\/\/www.w3.org\/2000\/svg\"><path d=\"M190.5 66.9l22.2-22.2c9.4-9.4 24.6-9.4 33.9 0L441 239c9.4 9.4 9.4 24.6 0 33.9L246.6 467.3c-9.4 9.4-24.6 9.4-33.9 0l-22.2-22.2c-9.5-9.5-9.3-25 .4-34.3L311.4 296H24c-13.3 0-24-10.7-24-24v-32c0-13.3 10.7-24 24-24h287.4L190.9 101.2c-9.8-9.3-10-24.8-.4-34.3z\"><\/path><\/svg>\t\t\t<\/span>\n\t\t\t\t\t\t\t\t\t<span class=\"elementor-button-text\">Commencer maintenant<\/span>\n\t\t\t\t\t<\/span>\n\t\t\t\t\t<\/a>\n\t\t\t\t<\/div>\n\t\t\t\t\t\t\t\t<\/div>\n\t\t\t\t<\/div>\n\t\t\t\t<\/div>\n\t\t\t\t\t<\/div>\n\t\t\t\t<\/div>\n\t\t\t\t\t<\/div>\n\t\t\t\t<\/div>\n\t\t\t\t<\/div>","protected":false},"excerpt":{"rendered":"<p>About us Home &#8211; About Us Specializing in Advanced Manufacturing At Talga we specialize in manufacturing high-quality products using advanced blow molding technology. Our company was founded in July 2023 with a vision to provide reliable and sustainable packaging solutions for the food industry and others. 30% International Market Growth 99% Customer Satisfaction Rate 15% [&hellip;]<\/p>\n","protected":false},"author":1,"featured_media":0,"parent":0,"menu_order":0,"comment_status":"closed","ping_status":"closed","template":"elementor_header_footer","meta":{"nf_dc_page":"","footnotes":""},"class_list":["post-13","page","type-page","status-publish","hentry"],"_links":{"self":[{"href":"https:\/\/talgamanufacturing.com\/fr\/wp-json\/wp\/v2\/pages\/13","targetHints":{"allow":["GET"]}}],"collection":[{"href":"https:\/\/talgamanufacturing.com\/fr\/wp-json\/wp\/v2\/pages"}],"about":[{"href":"https:\/\/talgamanufacturing.com\/fr\/wp-json\/wp\/v2\/types\/page"}],"author":[{"embeddable":true,"href":"https:\/\/talgamanufacturing.com\/fr\/wp-json\/wp\/v2\/users\/1"}],"replies":[{"embeddable":true,"href":"https:\/\/talgamanufacturing.com\/fr\/wp-json\/wp\/v2\/comments?post=13"}],"version-history":[{"count":5,"href":"https:\/\/talgamanufacturing.com\/fr\/wp-json\/wp\/v2\/pages\/13\/revisions"}],"predecessor-version":[{"id":449,"href":"https:\/\/talgamanufacturing.com\/fr\/wp-json\/wp\/v2\/pages\/13\/revisions\/449"}],"wp:attachment":[{"href":"https:\/\/talgamanufacturing.com\/fr\/wp-json\/wp\/v2\/media?parent=13"}],"curies":[{"name":"wp","href":"https:\/\/api.w.org\/{rel}","templated":true}]}}